{"id":4705,"date":"2023-08-07T14:04:14","date_gmt":"2023-08-07T14:04:14","guid":{"rendered":"https:\/\/b-unit.shop\/?post_type=product&#038;p=4705"},"modified":"2024-09-09T09:29:05","modified_gmt":"2024-09-09T09:29:05","slug":"camiseta-hope-blue","status":"publish","type":"product","link":"https:\/\/b-unit.shop\/?product=camiseta-hope-blue","title":{"rendered":"Camiseta BreakTheRules"},"content":{"rendered":"<p>Marcamos diferencias: Entrega de 10\/14 d\u00edas laborables. Posiblemente la Camiseta BSK HOPE Unisex m\u00e1s vers\u00e1til y cualitativa de estos tiempos. 100 % poli\u00e9ster con punto calado. Cuello de pico. Canal\u00e9 a rayas contrastado en el cuello y en las sisas. Acabado de doble pespunte en el bajo de la prenda. 130 g\/m\u00b2.Recomendaci\u00f3n de lavado en fr\u00edo, secado al aire.<\/p>\n","protected":false},"excerpt":{"rendered":"<p>Ultimate Edition, como su nombre indica, es la Sudadera definitiva para regalar a esa amistad \u00fanica, longeva e inquebrantable que se tenga. Sella esa amistad con tu Bro..<\/p>\n","protected":false},"featured_media":4850,"comment_status":"closed","ping_status":"closed","template":"","meta":[],"product_cat":[156],"product_tag":[],"acf":[],"_links":{"self":[{"href":"https:\/\/b-unit.shop\/index.php?rest_route=\/wp\/v2\/product\/4705"}],"collection":[{"href":"https:\/\/b-unit.shop\/index.php?rest_route=\/wp\/v2\/product"}],"about":[{"href":"https:\/\/b-unit.shop\/index.php?rest_route=\/wp\/v2\/types\/product"}],"replies":[{"embeddable":true,"href":"https:\/\/b-unit.shop\/index.php?rest_route=%2Fwp%2Fv2%2Fcomments&post=4705"}],"wp:featuredmedia":[{"embeddable":true,"href":"https:\/\/b-unit.shop\/index.php?rest_route=\/wp\/v2\/media\/4850"}],"wp:attachment":[{"href":"https:\/\/b-unit.shop\/index.php?rest_route=%2Fwp%2Fv2%2Fmedia&parent=4705"}],"wp:term":[{"taxonomy":"product_cat","embeddable":true,"href":"https:\/\/b-unit.shop\/index.php?rest_route=%2Fwp%2Fv2%2Fproduct_cat&post=4705"},{"taxonomy":"product_tag","embeddable":true,"href":"https:\/\/b-unit.shop\/index.php?rest_route=%2Fwp%2Fv2%2Fproduct_tag&post=4705"}],"curies":[{"name":"wp","href":"https:\/\/api.w.org\/{rel}","templated":true}]}}