{"id":4612,"date":"2023-07-07T14:54:02","date_gmt":"2023-07-07T14:54:02","guid":{"rendered":"https:\/\/b-unit.shop\/?post_type=product&#038;p=4612"},"modified":"2024-08-23T20:50:40","modified_gmt":"2024-08-23T20:50:40","slug":"camiseta-b-unit-34","status":"publish","type":"product","link":"https:\/\/b-unit.shop\/?product=camiseta-b-unit-34","title":{"rendered":"Camiseta Brothers United"},"content":{"rendered":"<p>Corte casual, c\u00f3modo y moderno. 100% algod\u00f3n org\u00e1nico Algod\u00f3n peinado Ringspun. Unisex Corte Oversize con hombros ca\u00eddos. Costuras laterales. Lavado con enzimas. Canal\u00e9 2 x 1 en el cuello. Tira cubrecosturas del material principal en la parte interior del cuello. Dobladillo con doble pespunte en el bajo de las mangas y el bajo de la prenda. Recomendaci\u00f3n de lavado en fr\u00edo, secado al aire.<\/p>\n","protected":false},"excerpt":{"rendered":"<p>Brothers United, como su nombre indica, es la prenda definitiva para regalar a esa amistad \u00fanica, longeva e inquebrantable que se tenga. Sella esa amistad con tu Bro.<\/p>\n","protected":false},"featured_media":4841,"comment_status":"closed","ping_status":"closed","template":"","meta":[],"product_cat":[156],"product_tag":[],"acf":[],"_links":{"self":[{"href":"https:\/\/b-unit.shop\/index.php?rest_route=\/wp\/v2\/product\/4612"}],"collection":[{"href":"https:\/\/b-unit.shop\/index.php?rest_route=\/wp\/v2\/product"}],"about":[{"href":"https:\/\/b-unit.shop\/index.php?rest_route=\/wp\/v2\/types\/product"}],"replies":[{"embeddable":true,"href":"https:\/\/b-unit.shop\/index.php?rest_route=%2Fwp%2Fv2%2Fcomments&post=4612"}],"wp:featuredmedia":[{"embeddable":true,"href":"https:\/\/b-unit.shop\/index.php?rest_route=\/wp\/v2\/media\/4841"}],"wp:attachment":[{"href":"https:\/\/b-unit.shop\/index.php?rest_route=%2Fwp%2Fv2%2Fmedia&parent=4612"}],"wp:term":[{"taxonomy":"product_cat","embeddable":true,"href":"https:\/\/b-unit.shop\/index.php?rest_route=%2Fwp%2Fv2%2Fproduct_cat&post=4612"},{"taxonomy":"product_tag","embeddable":true,"href":"https:\/\/b-unit.shop\/index.php?rest_route=%2Fwp%2Fv2%2Fproduct_tag&post=4612"}],"curies":[{"name":"wp","href":"https:\/\/api.w.org\/{rel}","templated":true}]}}