{"id":4283,"date":"2023-06-03T08:42:00","date_gmt":"2023-06-03T08:42:00","guid":{"rendered":"https:\/\/b-unit.shop\/?post_type=product&#038;p=4283"},"modified":"2024-02-12T11:30:25","modified_gmt":"2024-02-12T11:30:25","slug":"pantalon-b-unit","status":"publish","type":"product","link":"https:\/\/b-unit.shop\/?product=pantalon-b-unit","title":{"rendered":"Pantal\u00f3n B-Unit (Ivory)"},"content":{"rendered":"<p>Marcamos diferencias: Entrega de 10\/14 d\u00edas laborables. Posiblemente el pantal\u00f3n de felpa m\u00e1s vers\u00e1til y cualitativo de estos tiempos. De 300 g\/m\u00b2, 85 % algod\u00f3n org\u00e1nico \/ 15 % poli\u00e9ster reciclado postconsumo. Algod\u00f3n peinado Ringspun. Felpa perchada de 3 hilos con tratamiento LSF (Low Shrinkage Fleece). Cintura de canal\u00e9 1 x 1 con cord\u00f3n de ajuste y ojal. Bolsillos laterales y un bolsillo trasero con ribete. Canal\u00e9 1 x 1 en el bajo de la pernera. Recomendaci\u00f3n de lavado en fr\u00edo, secado al aire.<\/p>\n","protected":false},"excerpt":{"rendered":"<p>Ultimate Edition, como su nombre indica, es la Sudadera definitiva para regalar a esa amistad \u00fanica, longeva e inquebrantable que se tenga. Sella esa amistad con tu Bro..<\/p>\n","protected":false},"featured_media":4690,"comment_status":"closed","ping_status":"closed","template":"","meta":[],"product_cat":[187],"product_tag":[],"acf":[],"_links":{"self":[{"href":"https:\/\/b-unit.shop\/index.php?rest_route=\/wp\/v2\/product\/4283"}],"collection":[{"href":"https:\/\/b-unit.shop\/index.php?rest_route=\/wp\/v2\/product"}],"about":[{"href":"https:\/\/b-unit.shop\/index.php?rest_route=\/wp\/v2\/types\/product"}],"replies":[{"embeddable":true,"href":"https:\/\/b-unit.shop\/index.php?rest_route=%2Fwp%2Fv2%2Fcomments&post=4283"}],"wp:featuredmedia":[{"embeddable":true,"href":"https:\/\/b-unit.shop\/index.php?rest_route=\/wp\/v2\/media\/4690"}],"wp:attachment":[{"href":"https:\/\/b-unit.shop\/index.php?rest_route=%2Fwp%2Fv2%2Fmedia&parent=4283"}],"wp:term":[{"taxonomy":"product_cat","embeddable":true,"href":"https:\/\/b-unit.shop\/index.php?rest_route=%2Fwp%2Fv2%2Fproduct_cat&post=4283"},{"taxonomy":"product_tag","embeddable":true,"href":"https:\/\/b-unit.shop\/index.php?rest_route=%2Fwp%2Fv2%2Fproduct_tag&post=4283"}],"curies":[{"name":"wp","href":"https:\/\/api.w.org\/{rel}","templated":true}]}}