{"id":3673,"date":"2018-11-06T17:29:45","date_gmt":"2018-11-06T17:29:45","guid":{"rendered":"https:\/\/barberry.temashdesign.me\/furnituredemo\/?page_id=3673"},"modified":"2023-06-17T09:05:37","modified_gmt":"2023-06-17T09:05:37","slug":"about-us-dark","status":"publish","type":"page","link":"https:\/\/b-unit.shop\/?page_id=3673","title":{"rendered":"Nuestra Historia"},"content":{"rendered":"<section class=\"wpb-content-wrapper\"><p>[vc_row full_width=&#8221;stretch_row_content_no_spaces&#8221; full_height=&#8221;yes&#8221; content_placement=&#8221;middle&#8221; css=&#8221;.vc_custom_1541268622191{background-color: #161616 !important;}&#8221;][vc_column offset=&#8221;vc_col-lg-6 vc_col-md-8&#8243;][vc_row_inner][vc_column_inner width=&#8221;1\/6&#8243;][\/vc_column_inner][vc_column_inner width=&#8221;2\/3&#8243; css=&#8221;.vc_custom_1541268784127{padding-right: 15% !important;padding-left: 15% !important;}&#8221; offset=&#8221;vc_hidden-sm vc_hidden-xs&#8221;][vc_custom_heading text=&#8221;NUESTRA IDENTIDAD&#8221; font_container=&#8221;tag:h4|font_size:12px|text_align:left|color:%23cba14a|line_height:12px&#8221; use_theme_fonts=&#8221;yes&#8221; el_class=&#8221;l-spacing-title&#8221;][vc_custom_heading text=&#8221;Hermandad\/&#8221; font_container=&#8221;tag:h1|text_align:left|color:%23ffffff|line_height:55px&#8221; use_theme_fonts=&#8221;yes&#8221; css=&#8221;.vc_custom_1684932703220{margin-bottom: 0px !important;margin-left: -50px !important;}&#8221;][vc_custom_heading text=&#8221;Brotherhood&#8221; font_container=&#8221;tag:h1|text_align:left|color:%23ffffff|line_height:55px&#8221; use_theme_fonts=&#8221;yes&#8221;][vc_custom_heading text=&#8221;Nombre femenino:<br \/>\n1. 1. Relaci\u00f3n de parentesco que existe entre hermanos. &#8220;la relaci\u00f3n de hermandad debe estar llena de afecto y amistad&#8220;.<br \/>\n2. 2. Relaci\u00f3n de afecto y solidaridad que existe entre un grupo de personas o pueblos.&#8221; font_container=&#8221;tag:p|font_size:24px|text_align:left|color:%23bcbcbc|line_height:40px&#8221; use_theme_fonts=&#8221;yes&#8221;][\/vc_column_inner][vc_column_inner width=&#8221;1\/6&#8243;][\/vc_column_inner][\/vc_row_inner][vc_row_inner][vc_column_inner width=&#8221;1\/6&#8243;][\/vc_column_inner][vc_column_inner width=&#8221;2\/3&#8243; css=&#8221;.vc_custom_1541268793925{padding-right: 15% !important;padding-left: 15% !important;}&#8221; offset=&#8221;vc_hidden-lg vc_hidden-md&#8221;][vc_empty_space height=&#8221;25vw&#8221;][vc_custom_heading text=&#8221;NUESTRA IDENTIDAD&#8221; font_container=&#8221;tag:h4|font_size:12px|text_align:left|color:%23cba14a|line_height:12px&#8221; use_theme_fonts=&#8221;yes&#8221; el_class=&#8221;l-spacing-title&#8221; css=&#8221;.vc_custom_1685004096323{margin-bottom: 20px !important;}&#8221;][vc_custom_heading text=&#8221;Hermandad\/<br \/>\nBrotherhood&#8221; font_container=&#8221;tag:h1|text_align:left|color:%23ffffff|line_height:40px&#8221; use_theme_fonts=&#8221;yes&#8221; css=&#8221;.vc_custom_1685006413276{margin-bottom: 10px !important;}&#8221;][vc_custom_heading text=&#8221;Nombre femenino:<br \/>\n1. 1. Relaci\u00f3n de parentesco que existe entre hermanos. &#8220;la relaci\u00f3n de hermandad debe estar llena de afecto y amistad&#8220;.<br \/>\n2. 2. Relaci\u00f3n de afecto y solidaridad que existe entre un grupo de personas o pueblos.&#8221; font_container=&#8221;tag:p|text_align:left|color:%23bcbcbc&#8221; use_theme_fonts=&#8221;yes&#8221;][vc_empty_space height=&#8221;10vw&#8221;][\/vc_column_inner][vc_column_inner width=&#8221;1\/6&#8243;][\/vc_column_inner][\/vc_row_inner][\/vc_column][vc_column css=&#8221;.vc_custom_1684941140358{background-image: url(https:\/\/b-unit.shop\/wp-content\/uploads\/2023\/05\/348355453_799625064699263_3821609821809166698_n.jpg?id=4038) !important;background-position: center !important;background-repeat: no-repeat !important;background-size: cover !important;}&#8221; offset=&#8221;vc_col-lg-6 vc_col-md-4&#8243;][vc_row_inner][vc_column_inner offset=&#8221;vc_hidden-sm vc_hidden-xs&#8221;][vc_empty_space height=&#8221;100vh&#8221;][\/vc_column_inner][\/vc_row_inner][vc_row_inner][vc_column_inner offset=&#8221;vc_hidden-lg vc_hidden-md&#8221;][vc_empty_space height=&#8221;60vh&#8221;][\/vc_column_inner][\/vc_row_inner][\/vc_column][\/vc_row][vc_row full_width=&#8221;stretch_row_content&#8221; full_height=&#8221;yes&#8221; parallax=&#8221;content-moving&#8221; parallax_image=&#8221;3678&#8243; parallax_speed_bg=&#8221;1.4&#8243;][vc_column css_animation=&#8221;fadeIn&#8221;][vc_row_inner][vc_column_inner width=&#8221;1\/6&#8243;][\/vc_column_inner][vc_column_inner width=&#8221;2\/3&#8243; offset=&#8221;vc_hidden-md vc_hidden-sm vc_hidden-xs&#8221;][vc_custom_heading text=&#8221;NUESTRO LEMA&#8221; font_container=&#8221;tag:h4|font_size:12px|text_align:left|color:%23cba14a|line_height:12px&#8221; use_theme_fonts=&#8221;yes&#8221; el_class=&#8221;l-spacing-title&#8221; css=&#8221;.vc_custom_1684934679637{margin-bottom: 30px !important;}&#8221;][vc_custom_heading text=&#8221;La verdadera Hermandad<br \/>\nno requiere lazos de sangre&#8221; font_container=&#8221;tag:h1|font_size:72px|text_align:left|color:%23ffffff|line_height:72px&#8221; use_theme_fonts=&#8221;yes&#8221; css=&#8221;.vc_custom_1684934573036{margin-bottom: 20px !important;}&#8221;][vc_custom_heading text=&#8221;NO ELEGIMOS NUESTRA FAMILIA PERO S\u00cd NUESTR@S AMIG@S&#8221; font_container=&#8221;tag:p|font_size:36px|text_align:left|color:%23bcbcbc|line_height:42px&#8221; use_theme_fonts=&#8221;yes&#8221;][\/vc_column_inner][vc_column_inner width=&#8221;1\/6&#8243;][\/vc_column_inner][\/vc_row_inner][vc_row_inner][vc_column_inner offset=&#8221;vc_hidden-lg&#8221; css=&#8221;.vc_custom_1541270940202{padding-top: 5% !important;padding-right: 20% !important;padding-bottom: 5% !important;padding-left: 20% !important;}&#8221;][vc_custom_heading text=&#8221;NUESTRA LEMA&#8221; font_container=&#8221;tag:h4|font_size:12px|text_align:left|color:%23cba14a|line_height:12px&#8221; use_theme_fonts=&#8221;yes&#8221; el_class=&#8221;l-spacing-title&#8221; css=&#8221;.vc_custom_1685004330194{margin-bottom: 30px !important;}&#8221;][vc_custom_heading text=&#8221;La verdadera Hermandad no requiere lazos de sangre.&#8221; font_container=&#8221;tag:h1|font_size:45px|text_align:left|color:%23ffffff|line_height:50px&#8221; use_theme_fonts=&#8221;yes&#8221; css=&#8221;.vc_custom_1685004375994{margin-bottom: 20px !important;}&#8221;][vc_custom_heading text=&#8221;NO ELEGIMOS NUESTRA FAMILIA PERO S\u00cd NUESTR@S AMIG@S&#8221; font_container=&#8221;tag:p|text_align:left|color:%23bcbcbc&#8221; use_theme_fonts=&#8221;yes&#8221;][\/vc_column_inner][\/vc_row_inner][\/vc_column][\/vc_row][vc_row full_width=&#8221;stretch_row_content&#8221; content_placement=&#8221;top&#8221; css=&#8221;.vc_custom_1545308200163{background: #111111 url(https:\/\/barberry.temashdesign.me\/furnituredemo\/wp-content\/uploads\/sites\/3\/2018\/11\/stefano.jpg?id=3676) !important;background-position: center !important;background-repeat: no-repeat !important;background-size: cover !important;}&#8221;][vc_column css_animation=&#8221;fadeIn&#8221; width=&#8221;2\/3&#8243; css=&#8221;.vc_custom_1541324523678{background-position: center !important;background-repeat: no-repeat !important;background-size: cover !important;}&#8221; offset=&#8221;vc_hidden-sm vc_hidden-xs&#8221;][vc_row_inner][vc_column_inner width=&#8221;1\/6&#8243;][\/vc_column_inner][vc_column_inner width=&#8221;1\/2&#8243; offset=&#8221;vc_hidden-sm vc_hidden-xs&#8221;][vc_empty_space height=&#8221;8vw&#8221;][vc_custom_heading text=&#8221;NUESTRA VISI\u00d3N&#8221; font_container=&#8221;tag:h4|font_size:12px|text_align:left|color:%23cba14a|line_height:12px&#8221; use_theme_fonts=&#8221;yes&#8221; el_class=&#8221;l-spacing-title&#8221;][vc_custom_heading text=&#8221;En este \u00faltima d\u00e9cada donde la Humanidad ha sido expuesta a uno de sus mayores temores el cual nos oblig\u00f3 a encerrarnos donde nos llevaron a la individualidad dejando atr\u00e1s lo que m\u00e1s atesoramos, nuestro c\u00edrculo, nuestra familia, nuestros Hermanos\/as BROTHERS UNITED\u00ae. Nacimos con la necesidad de unir todas las personas las cuales por su cultura y manera de vivir se reconozcan como Herman@s BROS de manera a poder ofrecer esta gran ENERG\u00cdA, FUERZA, que nos une el poder ser m\u00e1s que una comunidad donde reflejar nuestro valores, una FAMILIA la cual nos representa nos asemeja a trav\u00e9s de una cultura la del DEPORTE, de la SALUD y BIENESTAR, donde se reflejan los valores del Respeto, el Compartir, la Humildad, la Determinaci\u00f3n, la Voluntad, la Confianza, la Disciplina del bien hacer, son los pilares de nuestra Familia. Como dice el dicho:<br \/>\n&#8220;NO ELEGIMOS NUESTRA FAMILIA PERO S\u00cd NUESTR@S AMIG@S&#8220; Brothers Forever.<br \/>\nBROTHERS UNITED\u00ae REFLEJA EL PODER DE UNI\u00d3N ENTRE BROS\/SISTERS, SI CUIDO DE TI, CUIDAS DE M\u00cd.&#8221; font_container=&#8221;tag:p|font_size:20px|text_align:left|color:%23ffffff|line_height:40px&#8221; use_theme_fonts=&#8221;yes&#8221;][vc_custom_heading text=&#8221;NUESTRO COMPROMISO&#8221; font_container=&#8221;tag:h4|font_size:12px|text_align:left|color:%23cba14a|line_height:12px&#8221; use_theme_fonts=&#8221;yes&#8221; el_class=&#8221;l-spacing-title&#8221;][vc_custom_heading text=&#8221;Qu\u00e9 mejor manera de sellar esta Hermandad que con una prenda que se nos asemeje, nos una\u2026somos Hermandad, somos comunidad, somos Familia somos Brothers United\/B-UNIT.<br \/>\nComienza desde el primer minuto de nuestras creaciones. La \u00e9tica, trazabilidad y sostenibilidad son nuestro ADN. Priorizamos el c\u00f3mo hacer nuestras prendas, tanto por los materiales eco responsables utilizados como el impacto que tendr\u00e1n en nuestra sociedad, en nuestro entorno y en nuestras vidas. Una producci\u00f3n bajo demanda solo producimos lo que vendemos, series exclusivas de unidades reducidas ofreciendo esa prenda \u00fanica y vers\u00e1til la cual te identificar\u00e1. Nuestro objetivo mantener una relaci\u00f3n de fidelidad con nuestros Brothers\/Sisters, la satisfacci\u00f3n y la felicidad es y ser\u00e1 nuestro mayor compromiso as\u00ed como la mayor atenci\u00f3n para ell@s. \u201cTodo est\u00e1 en Ti. S\u00e9 el cambio que quieres ver en el mundo\u201d.&#8221; font_container=&#8221;tag:p|font_size:20px|text_align:left|color:%23ffffff|line_height:40px&#8221; use_theme_fonts=&#8221;yes&#8221;][vc_empty_space height=&#8221;20px&#8221;][vc_single_image image=&#8221;4028&#8243; img_size=&#8221;full&#8221;][\/vc_column_inner][vc_column_inner width=&#8221;1\/3&#8243;][\/vc_column_inner][\/vc_row_inner][\/vc_column][vc_column width=&#8221;1\/3&#8243;][vc_row_inner][vc_column_inner offset=&#8221;vc_hidden-md vc_hidden-sm vc_hidden-xs&#8221;][vc_empty_space height=&#8221;100vh&#8221;][\/vc_column_inner][\/vc_row_inner][vc_row_inner][vc_column_inner offset=&#8221;vc_hidden-lg vc_hidden-sm vc_hidden-xs&#8221;][vc_empty_space height=&#8221;80vh&#8221;][\/vc_column_inner][\/vc_row_inner][vc_row_inner][vc_column_inner offset=&#8221;vc_hidden-lg vc_hidden-md vc_hidden-xs&#8221;][vc_empty_space height=&#8221;70vw&#8221;][\/vc_column_inner][\/vc_row_inner][vc_row_inner][vc_column_inner offset=&#8221;vc_hidden-lg vc_hidden-md vc_hidden-sm&#8221;][vc_empty_space height=&#8221;60vw&#8221;][\/vc_column_inner][\/vc_row_inner][\/vc_column][\/vc_row][vc_row full_width=&#8221;stretch_row_content&#8221; css=&#8221;.vc_custom_1541278032510{background-color: #111111 !important;}&#8221;][vc_column css_animation=&#8221;fadeIn&#8221;][vc_row_inner][vc_column_inner offset=&#8221;vc_hidden-lg vc_hidden-md&#8221; css=&#8221;.vc_custom_1541278587058{padding-right: 15% !important;padding-left: 15% !important;}&#8221;][vc_custom_heading text=&#8221;NUESTRA VISI\u00d3N&#8221; font_container=&#8221;tag:h4|font_size:12px|text_align:left|color:%23cba14a|line_height:12px&#8221; use_theme_fonts=&#8221;yes&#8221; el_class=&#8221;l-spacing-title&#8221; css=&#8221;.vc_custom_1685005878555{margin-bottom: 20px !important;}&#8221;][vc_custom_heading text=&#8221;En este \u00faltima d\u00e9cada donde la Humanidad ha sido expuesta a uno de sus mayores temores el cual nos oblig\u00f3 a encerrarnos donde nos llevaron a la individualidad dejando atr\u00e1s lo que m\u00e1s atesoramos, nuestro c\u00edrculo, nuestra familia, nuestros Hermanos\/as BROTHERS UNITED\u00ae. Nacimos con la necesidad de unir todas las personas las cuales por su cultura y manera de vivir se reconozcan como Herman@s BROS de manera a poder ofrecer esta gran ENERG\u00cdA, FUERZA, que nos une el poder ser m\u00e1s que una comunidad donde reflejar nuestro valores, una FAMILIA la cual nos representa nos asemeja, donde se reflejan los valores del Respeto, el Compartir, la Humildad, la Determinaci\u00f3n, la Voluntad, la Confianza, la Disciplina del bien hacer, son los pilares de nuestra Familia. Como dice el dicho:<br \/>\n&#8220;NO ELEGIMOS NUESTRA FAMILIA PERO S\u00cd NUESTR@S AMIG@S&#8220; Brothers Forever.<br \/>\nBROTHERS UNITED\u00ae REFLEJA EL PODER DE UNI\u00d3N ENTRE BROS\/SISTERS, SI CUIDO DE TI, CUIDAS DE M\u00cd.&#8221; font_container=&#8221;tag:p|text_align:left|color:%23ffffff&#8221; use_theme_fonts=&#8221;yes&#8221;][vc_custom_heading text=&#8221;NUESTRO COMPROMISO&#8221; font_container=&#8221;tag:h4|font_size:12px|text_align:left|color:%23cba14a|line_height:12px&#8221; use_theme_fonts=&#8221;yes&#8221; el_class=&#8221;l-spacing-title&#8221; css=&#8221;.vc_custom_1686756706585{margin-bottom: 20px !important;}&#8221;][vc_custom_heading text=&#8221;Qu\u00e9 mejor manera de sellar esta Hermandad que con una prenda que se nos asemeje, nos una\u2026somos Hermandad, somos comunidad, somos Familia somos Brothers United\/B-UNIT.<br \/>\nComienza desde el primer minuto de nuestras creaciones. La \u00e9tica, trazabilidad y sostenibilidad son nuestro ADN. Priorizamos el c\u00f3mo hacer nuestras prendas, tanto por los materiales eco responsables utilizados como el impacto que tendr\u00e1n en nuestra sociedad, en nuestro entorno y en nuestras vidas. Una producci\u00f3n bajo demanda solo producimos lo que vendemos, series exclusivas de unidades reducidas ofreciendo esa prenda \u00fanica y vers\u00e1til la cual te identificar\u00e1. Nuestro objetivo mantener una relaci\u00f3n de fidelidad con nuestros Brothers\/Sisters, la satisfacci\u00f3n y la felicidad es y ser\u00e1 nuestro mayor compromiso as\u00ed como la mayor atenci\u00f3n para ell@s. \u201cTodo est\u00e1 en Ti. S\u00e9 el cambio que quieres ver en el mundo\u201d.&#8221; font_container=&#8221;tag:p|text_align:left|color:%23ffffff&#8221; use_theme_fonts=&#8221;yes&#8221;][vc_empty_space height=&#8221;20px&#8221;][vc_single_image image=&#8221;4028&#8243; img_size=&#8221;full&#8221;][vc_empty_space height=&#8221;10vw&#8221;][\/vc_column_inner][\/vc_row_inner][\/vc_column][\/vc_row][vc_row full_width=&#8221;stretch_row_content&#8221; css_animation=&#8221;none&#8221; css=&#8221;.vc_custom_1541324771432{border-top-width: 1px !important;background-color: #161616 !important;border-top-color: rgba(255,255,255,0.1) !important;border-top-style: solid !important;}&#8221;][vc_column css_animation=&#8221;fadeIn&#8221; offset=&#8221;vc_col-lg-4 vc_col-md-5&#8243;][vc_row_inner css=&#8221;.vc_custom_1541325271197{padding-top: 4vw !important;padding-right: 5vw !important;padding-bottom: 4vw !important;padding-left: 5vw !important;}&#8221;][vc_column_inner offset=&#8221;vc_hidden-sm vc_hidden-xs&#8221;][vc_custom_heading text=&#8221;PONTE EN CONTACTO CON NOSOTROS&#8221; font_container=&#8221;tag:h4|font_size:12px|text_align:left|color:%23cba14a|line_height:12px&#8221; use_theme_fonts=&#8221;yes&#8221; el_class=&#8221;l-spacing-title&#8221; css=&#8221;.vc_custom_1685103979830{margin-bottom: 20px !important;}&#8221;][vc_custom_heading text=&#8221;Estamos deseando saber de ti.&#8221; font_container=&#8221;tag:h2|text_align:left|color:%23ffffff&#8221; use_theme_fonts=&#8221;yes&#8221; css=&#8221;.vc_custom_1685620811832{margin-bottom: 0px !important;}&#8221;][\/vc_column_inner][\/vc_row_inner][vc_row_inner css=&#8221;.vc_custom_1541316744276{padding-top: 4vw !important;padding-right: 5vw !important;padding-left: 5vw !important;}&#8221;][vc_column_inner offset=&#8221;vc_hidden-lg vc_hidden-md&#8221;][vc_custom_heading text=&#8221;PONTE EN CONTACTO CON NOSOTROS&#8221; font_container=&#8221;tag:h4|font_size:12px|text_align:left|color:%23cba14a|line_height:12px&#8221; use_theme_fonts=&#8221;yes&#8221; el_class=&#8221;l-spacing-title&#8221; css=&#8221;.vc_custom_1685104094759{margin-bottom: 20px !important;}&#8221;][vc_custom_heading text=&#8221;Estamos deseando saber de ti.&#8221; font_container=&#8221;tag:h2|text_align:left|color:%23ffffff&#8221; use_theme_fonts=&#8221;yes&#8221; css=&#8221;.vc_custom_1685613580256{margin-bottom: 0px !important;}&#8221;][\/vc_column_inner][\/vc_row_inner][\/vc_column][vc_column css_animation=&#8221;fadeIn&#8221; offset=&#8221;vc_col-lg-8 vc_col-md-7&#8243;][vc_row_inner css=&#8221;.vc_custom_1541316594302{padding-top: 6vw !important;padding-bottom: 4vw !important;padding-left: 5vw !important;}&#8221;][vc_column_inner offset=&#8221;vc_col-lg-4 vc_col-md-6&#8243; css=&#8221;.vc_custom_1541316667886{margin-bottom: 2vw !important;}&#8221;][vc_custom_heading text=&#8221;Tel\u00e9fono \/ Email&#8221; font_container=&#8221;tag:h3|font_size:26px|text_align:left|color:%23ffffff|line_height:30px&#8221; use_theme_fonts=&#8221;yes&#8221; css=&#8221;.vc_custom_1685103788478{margin-bottom: 10px !important;}&#8221;][vc_custom_heading text=&#8221;info@b-unit.shop<br \/>\n+0034 697 90 17 18<br \/>\nLunes a viernes: 09:00 a 17:00&#8243; font_container=&#8221;tag:p|text_align:left|color:%23bcbcbc&#8221; use_theme_fonts=&#8221;yes&#8221;][\/vc_column_inner][vc_column_inner offset=&#8221;vc_col-lg-4 vc_col-md-6&#8243; css=&#8221;.vc_custom_1541316714106{margin-bottom: 2vw !important;}&#8221;][vc_custom_heading text=&#8221;S\u00edguenos&#8221; font_container=&#8221;tag:h3|font_size:26px|text_align:left|color:%23ffffff|line_height:30px&#8221; use_theme_fonts=&#8221;yes&#8221; css=&#8221;.vc_custom_1685103777424{margin-bottom: 15px !important;}&#8221;]\n\n    <style>\n            .site-social-icons-shortcode.social-id-1794439785 .social-icons li svg {        \n            fill: #cca24a;\n        } \n        .site-social-icons-shortcode.social-id-1794439785 .social-icons li a:hover svg {        \n            fill: #161616;\n        } \n        .site-social-icons-shortcode.social-id-1794439785 .social-icons li a {        \n            background: transparent;\n        } \n\n        .site-social-icons-shortcode.social-id-1794439785 .social-icons li a:after {        \n            background: #161616;\n            transition: transform 0.6s cubic-bezier(0.4, 0, 0.2, 1);\n            transition-delay: 0.4s;\n        }                  \n        .site-social-icons-shortcode.social-id-1794439785 .social-icons li .s-circle_bg {        \n            background: #cca24a;\n        }   \n      \n    <\/style>\n\n\n\n    <div class=\"site-social-icons-shortcode social-id-1794439785\">\n\n    <ul class=\"social-icons left\">\n\n          \n\n        \n        \n          \n        \n        \n                      \n\n        \n        \n        \n                    <li class=\"instagram\">\n                <a target=\"_blank\" title=\"Instagram\" href=\"https:\/\/www.instagram.com\/b.unit.shop\/\">\n                      <svg class=\"svg-icon\" viewBox=\"0 0 24 24\" enable-background=\"new 0 0 24 24\" xml:space=\"preserve\">\n                        <use x=\"0\" y=\"0\" xlink:href=\"#i-instagram\"><\/use>\n                      <\/svg> \n                    <span class=\"s-circle_bg\"><\/span>\n                <\/a>\n            <\/li>\n        \n\n        \n        \n        \n        \n        \n        \n        \n        \n        \n        \n        \n        \n        \n                \n         \n\n         \n    <\/ul>\n    <\/div>\n    \n    [\/vc_column_inner][\/vc_row_inner][\/vc_column][\/vc_row]<\/p>\n<\/section>","protected":false},"excerpt":{"rendered":"<p>[vc_row full_width=&#8221;stretch_row_content_no_spaces&#8221; full_height=&#8221;yes&#8221; content_placement=&#8221;middle&#8221; css=&#8221;.vc_custom_1541268622191{background-color: #161616 !important;}&#8221;][vc_column offset=&#8221;vc_col-lg-6 vc_col-md-8&#8243;][vc_row_inner][vc_column_inner width=&#8221;1\/6&#8243;][\/vc_column_inner][vc_column_inner width=&#8221;2\/3&#8243; css=&#8221;.vc_custom_1541268784127{padding-right: 15% !important;padding-left: 15% !important;}&#8221; offset=&#8221;vc_hidden-sm vc_hidden-xs&#8221;][vc_custom_heading text=&#8221;NUESTRA IDENTIDAD&#8221;\u2026<\/p>\n","protected":false},"author":1,"featured_media":0,"parent":0,"menu_order":0,"comment_status":"closed","ping_status":"closed","template":"","meta":[],"acf":[],"_links":{"self":[{"href":"https:\/\/b-unit.shop\/index.php?rest_route=\/wp\/v2\/pages\/3673"}],"collection":[{"href":"https:\/\/b-unit.shop\/index.php?rest_route=\/wp\/v2\/pages"}],"about":[{"href":"https:\/\/b-unit.shop\/index.php?rest_route=\/wp\/v2\/types\/page"}],"author":[{"embeddable":true,"href":"https:\/\/b-unit.shop\/index.php?rest_route=\/wp\/v2\/users\/1"}],"replies":[{"embeddable":true,"href":"https:\/\/b-unit.shop\/index.php?rest_route=%2Fwp%2Fv2%2Fcomments&post=3673"}],"version-history":[{"count":25,"href":"https:\/\/b-unit.shop\/index.php?rest_route=\/wp\/v2\/pages\/3673\/revisions"}],"predecessor-version":[{"id":4538,"href":"https:\/\/b-unit.shop\/index.php?rest_route=\/wp\/v2\/pages\/3673\/revisions\/4538"}],"wp:attachment":[{"href":"https:\/\/b-unit.shop\/index.php?rest_route=%2Fwp%2Fv2%2Fmedia&parent=3673"}],"curies":[{"name":"wp","href":"https:\/\/api.w.org\/{rel}","templated":true}]}}