{"id":3057,"date":"2018-09-15T14:48:34","date_gmt":"2018-09-15T14:48:34","guid":{"rendered":"https:\/\/barberry.temashdesign.me\/furniture\/?page_id=3057"},"modified":"2023-06-14T15:44:45","modified_gmt":"2023-06-14T15:44:45","slug":"privacy-policy","status":"publish","type":"page","link":"https:\/\/b-unit.shop\/?page_id=3057","title":{"rendered":"T\u00c9RMINOS Y CONDICIONES"},"content":{"rendered":"<p><strong>PRIVACIDAD<\/strong><\/p>\n<p>La utilizaci\u00f3n del Sitio web\u00a0<a href=\"http:\/\/www.19323stars.com\/\">www.b-unit.shop<\/a>, propiedad de Brothers United S.L, es absolutamente voluntaria y supone aceptaci\u00f3n en adelante el Usuario de todas las condiciones Generales de uso vigentes en cada momento que se encuentre en la siguiente direcci\u00f3n, por el cual el usuario deber\u00e9 leer detenidamente y aceptar sin ning\u00fan tipo de reservas la presente pol\u00edtica de Privacidad antes de realizar cualquier tipo de operaci\u00f3n, visionado, utilizaci\u00f3n, etc con estos sitios web\u00a0<a href=\"http:\/\/www.19323stars.com\/\">www.b-unit.shop<\/a>, se reserva el derecho a introducir modificaciones u omitir parcial o totalmente los actuales contenidos del portal de web\u00a0<a href=\"http:\/\/www.19323stars.com\/\">www.b-unit.shop<\/a> cuando lo considere oportuno, as\u00ed como impedir o restringir el acceso de forma temporal o permanente.<\/p>\n<p><strong>PROTECCI\u00d3N DE DATOS<\/strong><\/p>\n<p><a href=\"http:\/\/www.19323stars.com\/\">www.b-unit.shop<\/a> cumple \u00edntegramente con la legislaci\u00f3n vigente en materia de protecci\u00f3n de datos de car\u00e1cter personal, y con los compromisos de confidencialidad propios de la actividad bancaria. <a href=\"http:\/\/www.19323stars.com\/\">www.b-unit.shop<\/a> ha adoptado las medidas t\u00e9cnicas necesarias para mantener el nivel de seguridad requerido, seg\u00fan la naturaleza de los datos personales tratados y las circunstancias del tratamiento, con el objeto de evitar, en la medida de lo posible y siempre seg\u00fan el estado de la t\u00e9cnica, su alteraci\u00f3n, p\u00e9rdida, tratamiento o acceso no autorizado.<\/p>\n<p>Cuando sea solicitada la cumplimentaci\u00f3n de un formulario en el que se recojan datos de car\u00e1cter personal, se informar\u00e1 al cliente o usuario del destinatario de la informaci\u00f3n, de la finalidad para la cual se recogen los datos, de la identidad y direcci\u00f3n del responsable del fichero y de la facultad del usuario de ejercitar los derechos de acceso, rectificaci\u00f3n, cancelaci\u00f3n y oposici\u00f3n al tratamiento de sus datos. Los datos personales recogidos s\u00f3lo ser\u00e1n tratados y\/o cedidos con la expresada finalidad, y siempre con el consentimiento del usuario o cliente. Para que la informaci\u00f3n que contienen nuestros ficheros est\u00e9 siempre actualizada y no contenga errores pedimos a nuestros clientes y usuarios que nos comuniquen, a la mayor brevedad posible, las modificaciones y rectificaciones de sus\u00a0datos de car\u00e1cter personal.<\/p>\n<p><strong>COOKIES<\/strong><\/p>\n<p>En <a href=\"http:\/\/www.19323stars.com\/\">www.b-unit.shop<\/a> utilizamos Cookies, que son peque\u00f1os ficheros de datos que se generan en el ordenador del usuario o cliente y que permiten a nuestros sistemas recordar el idioma y el portal escogidos, as\u00ed como otras caracter\u00edsticas o preferencias de navegaci\u00f3n del usuario en su primera sesi\u00f3n. Estas \u201ccookies\u201d no son invasivas, ni nocivas, ni contienen datos de car\u00e1cter personal, ya que su \u00fanica funci\u00f3n es personalizar su navegaci\u00f3n en la forma antes expresada. Si lo desea, puede desactivar y\/o eliminar estas cookies desde su navegador.<\/p>\n<p><strong>PROPIEDAD INTELECTUAL<\/strong><\/p>\n<p>El portal de \u201c<a href=\"http:\/\/www.19323stars.com\/\">www.b-unit.shop<\/a>\u201d, las p\u00e1ginas que comprende y la informaci\u00f3n o elementos contenidos en las mismas, incluyen textos, documentos, fotograf\u00edas, dibujos, representaciones gr\u00e1ficas, bases de datos, programas inform\u00e1ticos, as\u00ed como logotipos, marcas, nombres comerciales, u otros signos distintivos, protegidos por derechos de propiedad intelectual o industrial, de los que \u201c<a href=\"http:\/\/www.19323stars.com\/\">www.b-unit.shop<\/a>\u201d o las empresas de su Grupo son titulares o leg\u00edtimas licenciatarias. \u201c<a href=\"http:\/\/www.19323stars.com\/\">www.b-unit.shop<\/a>\u201d no otorga garant\u00eda alguna sobre la licitud y legalidad de la informaci\u00f3n o elementos contenidos en las p\u00e1ginas del portal, cuando la titularidad de los mismos no corresponda a \u201c<a href=\"http:\/\/www.19323stars.com\/\">www.b-unit.shop<\/a>\u201d ni a las empresas de su Grupo.<\/p>\n<p><strong>RESPONSABILIDADES<\/strong><\/p>\n<p><a href=\"http:\/\/www.19323stars.com\/\">www.b-unit.shop<\/a> no garantiza el acceso continuado, ni la correcta visualizaci\u00f3n, descarga o utilidad de los elementos e informaci\u00f3n contenidos en las p\u00e1ginas del portal de <a href=\"http:\/\/www.19323stars.com\/\">www.b-unit.shop<\/a>, que pueden verse impedidos, dificultados o interrumpidos por factores o circunstancias fuera de su control.<\/p>\n<p><a href=\"http:\/\/www.19323stars.com\/\">www.b-unit.shop<\/a> no es responsable de la informaci\u00f3n y dem\u00e1s contenidos integrados en espacios o p\u00e1ginas web de terceros accesibles desde el portal de <a href=\"http:\/\/www.19323stars.com\/\">www.b-unit.shop<\/a> mediante enlaces, hiperv\u00ednculos o links, ni de la informaci\u00f3n y dem\u00e1s contenidos integrados en espacios o p\u00e1ginas web de terceros desde los que se acceda mediante enlaces, hiperv\u00ednculos o links al portal de <a href=\"http:\/\/www.19323stars.com\/\">www.b-unit.shop<\/a> o a cualquiera de sus p\u00e1ginas web, ni de la informaci\u00f3n y contenidos de cualquier p\u00e1gina web de terceros que se presente bajo la apariencia o signos distintivos de <a href=\"http:\/\/www.19323stars.com\/\">www.b-unit.shop<\/a> salvo autorizaci\u00f3n expresa de esta \u00faltima.<\/p>\n<p><a href=\"http:\/\/www.19323stars.com\/\">www.b-unit.shop<\/a> y sus proveedores de informaci\u00f3n como terceras partes no asumen responsabilidad alguna con relaci\u00f3n a la informaci\u00f3n, contenidos de todo tipo, productos y servicios ofertados o prestados a trav\u00e9s del portal de \u201c<a href=\"http:\/\/www.19323stars.com\/\">www.b-unit.shop<\/a>\u201d por terceras personas o entidades, aunque pertenezcan a su mismo Grupo econ\u00f3mico, y, en especial, por los da\u00f1os y perjuicios de cualquier tipo que, vinculados a lo anterior, puedan producirse por: (i) ausencia o deficiencias en la informaci\u00f3n facilitada a los usuarios o en su veracidad, exactitud y suficiencia; (ii) incumplimiento o cumplimiento defectuoso o impuntual de los contratos o relaciones precontractuales;\u00a0(iii) incumplimiento de las obligaciones que incumben a los prestadores de servicios de la sociedad de la informaci\u00f3n; (iv) infracci\u00f3n de los derechos de los consumidores y usuarios; (v) infracci\u00f3n de los derechos de propiedad intelectual e industrial; realizaci\u00f3n de actos de competencia desleal o de publicidad il\u00edcita; (vi) infracci\u00f3n del derecho de protecci\u00f3n de datos; del secreto profesional y de los derechos al honor, a la intimidad personal y familiar y a la imagen de las personas;\u00a0(vii) en general, el incumplimiento de cualesquiera leyes, costumbres o c\u00f3digos de conducta que resulten de aplicaci\u00f3n y (viii) cualquier decisi\u00f3n tomada en dependencia de la informaci\u00f3n suministrada a trav\u00e9s del\u00a0portal de <a href=\"http:\/\/www.19323stars.com\/\">www.b-unit.shop<\/a><\/p>\n<p>Ni <a href=\"http:\/\/www.19323stars.com\/\">www.b-unit.shop<\/a> ni los proveedores de informaci\u00f3n como terceras partes asumen responsabilidad alguna por da\u00f1os, perjuicios, p\u00e9rdidas, reclamaciones o gastos, producidos por: (i) interferencias, interrupciones, fallos, omisiones, aver\u00edas telef\u00f3nicas, retrasos, bloqueos o desconexiones en el funcionamiento del sistema electr\u00f3nico, motivadas por deficiencias, sobrecargas y errores en las l\u00edneas y redes de telecomunicaciones, o por\u00a0cualquier otra causa ajena al control de <a href=\"http:\/\/www.19323stars.com\/\">www.b-unit.shop<\/a> (ii) intromisiones ileg\u00edtimas mediante el uso de programas malignos de\u00a0cualquier tipo y a trav\u00e9s de cualquier medio de comunicaci\u00f3n, tales como virus inform\u00e1ticos o cualesquiera otros; (iii) uso indebido o inadecuado de las p\u00e1ginas web de <a href=\"http:\/\/www.19323stars.com\/\">www.b-unit.shop<\/a> (iv) errores de seguridad o\u00a0navegaci\u00f3n producidos por un mal funcionamiento del navegador o por el uso de versiones no actualizadas del mismo.<\/p>\n<p>En cumplimiento de la normativa de protecci\u00f3n de datos, se pone en su conocimiento que los datos de car\u00e1cter personal facilitados por el usuario, ser\u00e1n tratados en los ficheros de Brothers United pudiendo ejercer los derechos de acceso, rectificaci\u00f3n, cancelaci\u00f3n y oposici\u00f3n que le asiste.<\/p>\n<p>Este derecho puede tambi\u00e9n ser ejercido electr\u00f3nicamente a trav\u00e9s del e-mail info@b-unit.shop Para contacto telef\u00f3nico puede llamar al 697901718.<\/p>\n","protected":false},"excerpt":{"rendered":"<p>PRIVACIDAD La utilizaci\u00f3n del Sitio web\u00a0www.b-unit.shop, propiedad de Brothers United S.L, es absolutamente voluntaria y supone aceptaci\u00f3n en adelante el\u2026<\/p>\n","protected":false},"author":1,"featured_media":0,"parent":0,"menu_order":0,"comment_status":"closed","ping_status":"closed","template":"","meta":[],"acf":[],"_links":{"self":[{"href":"https:\/\/b-unit.shop\/index.php?rest_route=\/wp\/v2\/pages\/3057"}],"collection":[{"href":"https:\/\/b-unit.shop\/index.php?rest_route=\/wp\/v2\/pages"}],"about":[{"href":"https:\/\/b-unit.shop\/index.php?rest_route=\/wp\/v2\/types\/page"}],"author":[{"embeddable":true,"href":"https:\/\/b-unit.shop\/index.php?rest_route=\/wp\/v2\/users\/1"}],"replies":[{"embeddable":true,"href":"https:\/\/b-unit.shop\/index.php?rest_route=%2Fwp%2Fv2%2Fcomments&post=3057"}],"version-history":[{"count":2,"href":"https:\/\/b-unit.shop\/index.php?rest_route=\/wp\/v2\/pages\/3057\/revisions"}],"predecessor-version":[{"id":4526,"href":"https:\/\/b-unit.shop\/index.php?rest_route=\/wp\/v2\/pages\/3057\/revisions\/4526"}],"wp:attachment":[{"href":"https:\/\/b-unit.shop\/index.php?rest_route=%2Fwp%2Fv2%2Fmedia&parent=3057"}],"curies":[{"name":"wp","href":"https:\/\/api.w.org\/{rel}","templated":true}]}}